{"id":8299,"date":"2025-06-13T10:07:57","date_gmt":"2025-06-13T08:07:57","guid":{"rendered":"https:\/\/staywithmartha.com\/?page_id=8299"},"modified":"2026-01-26T18:25:14","modified_gmt":"2026-01-26T17:25:14","slug":"certificate-cw","status":"publish","type":"page","link":"https:\/\/staywithmartha.com\/en\/certificate-cw\/","title":{"rendered":"Certificate CW"},"content":{"rendered":"<div data-elementor-type=\"wp-page\" data-elementor-id=\"8299\" class=\"elementor elementor-8299\" data-elementor-post-type=\"page\">\n\t\t\t\t\t\t<section class=\"elementor-section elementor-top-section elementor-element elementor-element-9dbf8e9 elementor-section-height-min-height cs-section-content-fullwidth cs-parallax-on-scroll cs_scroll_y_80 elementor-section-boxed elementor-section-height-default elementor-section-items-middle\" data-id=\"9dbf8e9\" data-element_type=\"section\" data-e-type=\"section\" data-settings=\"{&quot;background_background&quot;:&quot;classic&quot;}\" data-cs-parallax-y=\"80\" style=\"background-image: none;\" data-cs-background-image=\"https:\/\/staywithmartha.com\/wp-content\/uploads\/2025\/06\/67189-1.jpg\" data-cs-background-image-alt-text=\"\">\n\t\t\t\t\t\t\t<div class=\"elementor-background-overlay\"><\/div>\n\t\t\t\t\t\t\t<div class=\"elementor-container elementor-column-gap-no\">\n\t\t\t\t\t<div class=\"elementor-column elementor-col-100 elementor-top-column elementor-element elementor-element-105b500 dark-color\" data-id=\"105b500\" data-element_type=\"column\" data-e-type=\"column\">\n\t\t\t<div class=\"elementor-widget-wrap elementor-element-populated\">\n\t\t\t\t\t\t<div class=\"elementor-element elementor-element-f599258 elementor-widget elementor-widget-cs_title\" data-id=\"f599258\" data-element_type=\"widget\" data-e-type=\"widget\" data-widget_type=\"cs_title.default\">\n\t\t\t\t<div class=\"elementor-widget-container\">\n\t\t\t\t\t\n        <div class=\"cs-title-wrap text-center\">\t            <div class=\"cs-subtitle-wrap\"><span class=\"cs-subtitle color-white\">Vjera. Zajedni\u0161tvo. Gostoljubivost.\n<\/span><\/div>\t            <h1 class=\"cs-title\">\n\t                Certificate of Christian Welcome\t            <\/h1>        <\/div>\t\t\t\t<\/div>\n\t\t\t\t<\/div>\n\t\t\t\t\t<\/div>\n\t\t<\/div>\n\t\t\t\t\t<\/div>\n\t\t<\/section>\n\t\t<div class=\"elementor-element elementor-element-7ac5a4e e-con-full e-flex e-con e-parent\" data-id=\"7ac5a4e\" data-element_type=\"container\" data-e-type=\"container\">\n\t\t<div class=\"elementor-element elementor-element-9ef7864 e-con-full e-flex e-con e-child\" data-id=\"9ef7864\" data-element_type=\"container\" data-e-type=\"container\">\n\t\t\t\t<\/div>\n\t\t<div class=\"elementor-element elementor-element-d71855a e-con-full e-flex e-con e-child\" data-id=\"d71855a\" data-element_type=\"container\" data-e-type=\"container\">\n\t\t\t\t<div class=\"elementor-element elementor-element-d7ec204 elementor-widget elementor-widget-text-editor\" data-id=\"d7ec204\" data-element_type=\"widget\" data-e-type=\"widget\" data-widget_type=\"text-editor.default\">\n\t\t\t\t<div class=\"elementor-widget-container\">\n\t\t\t\t\t\t\t\t\t<p><\/p>\n<p><span style=\"font-size: 18pt;\"><span style=\"color: #808080;\">Na\u0161a je misija gostima, putnicima, hodo\u010dasnicima,&nbsp;<\/span><\/span><span style=\"font-size: 18pt; color: rgb(128, 128, 128);\">osigurati duhovne oaze u kojima prebiva kr\u0161\u0107anski duh i u kojima se potpuno prirodno name\u0107e bivanje u Gospodinu kao jedinom i pravom&nbsp;<\/span><span style=\"font-size: 18pt; color: rgb(128, 128, 128);\">odmoru ljudske du\u0161e.<\/span><\/p>\t\t\t\t\t\t\t\t<\/div>\n\t\t\t\t<\/div>\n\t\t\t\t<\/div>\n\t\t<div class=\"elementor-element elementor-element-803a450 e-con-full e-flex e-con e-child\" data-id=\"803a450\" data-element_type=\"container\" data-e-type=\"container\">\n\t\t\t\t<\/div>\n\t\t\t\t<\/div>\n\t\t<div class=\"elementor-element elementor-element-bf5f067 e-flex e-con-boxed e-con e-parent\" data-id=\"bf5f067\" data-element_type=\"container\" data-e-type=\"container\">\n\t\t\t\t\t<div class=\"e-con-inner\">\n\t\t\t\t<div class=\"elementor-element elementor-element-bacccb2 elementor-widget elementor-widget-text-editor\" data-id=\"bacccb2\" data-element_type=\"widget\" data-e-type=\"widget\" data-widget_type=\"text-editor.default\">\n\t\t\t\t<div class=\"elementor-widget-container\">\n\t\t\t\t\t\t\t\t\t<p>\u00a0<\/p><p style=\"text-align: center;\"><em>\u2026Snago moja i za\u0161tito<\/em><br \/><em>U tebi duh moj se odmara<\/em><br \/><em>Samo ti \u010de\u017enja srca si moga<\/em><br \/><em>Tebe slavim ja\u2026<\/em><\/p><p style=\"text-align: center;\"><em>\u00a0<\/em><\/p>\t\t\t\t\t\t\t\t<\/div>\n\t\t\t\t<\/div>\n\t\t\t\t\t<\/div>\n\t\t\t\t<\/div>\n\t\t<div class=\"elementor-element elementor-element-6a9c996 e-con-full e-flex e-con e-parent\" data-id=\"6a9c996\" data-element_type=\"container\" data-e-type=\"container\">\n\t\t<div class=\"elementor-element elementor-element-74ea1fe e-con-full e-flex e-con e-child\" data-id=\"74ea1fe\" data-element_type=\"container\" data-e-type=\"container\">\n\t\t\t\t<\/div>\n\t\t<div class=\"elementor-element elementor-element-4e4c847 e-con-full e-flex e-con e-child\" data-id=\"4e4c847\" data-element_type=\"container\" data-e-type=\"container\">\n\t\t\t\t<div class=\"elementor-element elementor-element-3b70a83 elementor-widget elementor-widget-text-editor\" data-id=\"3b70a83\" data-element_type=\"widget\" data-e-type=\"widget\" data-widget_type=\"text-editor.default\">\n\t\t\t\t<div class=\"elementor-widget-container\">\n\t\t\t\t\t\t\t\t\t<p style=\"text-align: center;\"><span style=\"font-size: 18pt; color: #808080;\">Na\u0161e je poslanje kroz organizirana putovanja i odabrane, certificirane smje\u0161taje \u017eivjeti Bo\u017eje zapovjedi, ljubiti i po\u0161tovati kr\u0161\u0107ansku vjeru i ba\u0161tinu, ljubiti svoje bli\u017enje i svoju domovinu.<\/span><\/p>\t\t\t\t\t\t\t\t<\/div>\n\t\t\t\t<\/div>\n\t\t\t\t<\/div>\n\t\t<div class=\"elementor-element elementor-element-4606f27 e-con-full e-flex e-con e-child\" data-id=\"4606f27\" data-element_type=\"container\" data-e-type=\"container\">\n\t\t\t\t<\/div>\n\t\t\t\t<\/div>\n\t\t\t\t<section class=\"elementor-section elementor-top-section elementor-element elementor-element-10e74de elementor-section-boxed elementor-section-height-default elementor-section-height-default\" data-id=\"10e74de\" data-element_type=\"section\" data-e-type=\"section\">\n\t\t\t\t\t\t<div class=\"elementor-container elementor-column-gap-no\">\n\t\t\t\t\t<div class=\"elementor-column elementor-col-100 elementor-top-column elementor-element elementor-element-bf172eb\" data-id=\"bf172eb\" data-element_type=\"column\" data-e-type=\"column\">\n\t\t\t<div class=\"elementor-widget-wrap elementor-element-populated\">\n\t\t\t\t\t\t<div class=\"elementor-element elementor-element-a338c05 elementor-widget elementor-widget-cs_title\" data-id=\"a338c05\" data-element_type=\"widget\" data-e-type=\"widget\" data-widget_type=\"cs_title.default\">\n\t\t\t\t<div class=\"elementor-widget-container\">\n\t\t\t\t\t\n        <div class=\"cs-title-wrap text-center\">\t            <h3 class=\"cs-title\">\n\t                All the Essentials for a Christian welcome and a pleasant stay at the destination\t            <\/h3>        <\/div>\t\t\t\t<\/div>\n\t\t\t\t<\/div>\n\t\t\t\t<div class=\"elementor-element elementor-element-729ef29 elementor-widget elementor-widget-cs_info_box\" data-id=\"729ef29\" data-element_type=\"widget\" data-e-type=\"widget\" data-widget_type=\"cs_info_box.default\">\n\t\t\t\t<div class=\"elementor-widget-container\">\n\t\t\t\t\t\n\t\t\t<div class=\"cs-info-box column-3 valign-middle img-left text-left\">\n                <div class=\"cs-info-box-wrap\">                    <div class=\"cs-info-box-item elementor-repeater-item-bb40a8b\">\n                    \t<div class=\"cs-item-container\">\t                        <div class=\"cs-info-box-img\"><svg aria-hidden=\"true\" class=\"e-font-icon-svg e-fas-church\" viewbox=\"0 0 640 512\" xmlns=\"http:\/\/www.w3.org\/2000\/svg\"><path d=\"M464.46 246.68L352 179.2V128h48c8.84 0 16-7.16 16-16V80c0-8.84-7.16-16-16-16h-48V16c0-8.84-7.16-16-16-16h-32c-8.84 0-16 7.16-16 16v48h-48c-8.84 0-16 7.16-16 16v32c0 8.84 7.16 16 16 16h48v51.2l-112.46 67.48A31.997 31.997 0 0 0 160 274.12V512h96v-96c0-35.35 28.65-64 64-64s64 28.65 64 64v96h96V274.12c0-11.24-5.9-21.66-15.54-27.44zM0 395.96V496c0 8.84 7.16 16 16 16h112V320L19.39 366.54A32.024 32.024 0 0 0 0 395.96zm620.61-29.42L512 320v192h112c8.84 0 16-7.16 16-16V395.96c0-12.8-7.63-24.37-19.39-29.42z\"><\/path><\/svg>\t                        <\/div>\t                        <div class=\"cs-info-box-content\">\n\t                            <h5 class=\"cs-title cs-info-box-title\">Schedule of masses and prayer\t\t\t\t\t\t\t\t<\/h5>\t                        <\/div>\t                    <\/div>\n                    <\/div>                    <div class=\"cs-info-box-item elementor-repeater-item-cccff81\">\n                    \t<div class=\"cs-item-container\">\t                        <div class=\"cs-info-box-img\"><svg aria-hidden=\"true\" class=\"e-font-icon-svg e-fas-bible\" viewbox=\"0 0 448 512\" xmlns=\"http:\/\/www.w3.org\/2000\/svg\"><path d=\"M448 358.4V25.6c0-16-9.6-25.6-25.6-25.6H96C41.6 0 0 41.6 0 96v320c0 54.4 41.6 96 96 96h326.4c12.8 0 25.6-9.6 25.6-25.6v-16c0-6.4-3.2-12.8-9.6-19.2-3.2-16-3.2-60.8 0-73.6 6.4-3.2 9.6-9.6 9.6-19.2zM144 144c0-8.84 7.16-16 16-16h48V80c0-8.84 7.16-16 16-16h32c8.84 0 16 7.16 16 16v48h48c8.84 0 16 7.16 16 16v32c0 8.84-7.16 16-16 16h-48v112c0 8.84-7.16 16-16 16h-32c-8.84 0-16-7.16-16-16V192h-48c-8.84 0-16-7.16-16-16v-32zm236.8 304H96c-19.2 0-32-12.8-32-32s16-32 32-32h284.8v64z\"><\/path><\/svg>\t                        <\/div>\t                        <div class=\"cs-info-box-content\">\n\t                            <h5 class=\"cs-title cs-info-box-title\">Bible in Every room\t\t\t\t\t\t\t\t<\/h5>\t                        <\/div>\t                    <\/div>\n                    <\/div>                    <div class=\"cs-info-box-item elementor-repeater-item-0a01fb1\">\n                    \t<div class=\"cs-item-container\">\t                        <div class=\"cs-info-box-img\"><i aria-hidden=\"true\" class=\"flaticon flaticon-destination\"><\/i>\t                        <\/div>\t                        <div class=\"cs-info-box-content\">\n\t                            <h5 class=\"cs-title cs-info-box-title\">Host at each destination\t\t\t\t\t\t\t\t<\/h5>\t                        <\/div>\t                    <\/div>\n                    <\/div>                    <div class=\"cs-info-box-item elementor-repeater-item-6c33aa7\">\n                    \t<div class=\"cs-item-container\">\t                        <div class=\"cs-info-box-img\"><svg aria-hidden=\"true\" class=\"e-font-icon-svg e-fas-praying-hands\" viewbox=\"0 0 640 512\" xmlns=\"http:\/\/www.w3.org\/2000\/svg\"><path d=\"M272 191.91c-17.6 0-32 14.4-32 32v80c0 8.84-7.16 16-16 16s-16-7.16-16-16v-76.55c0-17.39 4.72-34.47 13.69-49.39l77.75-129.59c9.09-15.16 4.19-34.81-10.97-43.91-14.45-8.67-32.72-4.3-42.3 9.21-.2.23-.62.21-.79.48l-117.26 175.9C117.56 205.9 112 224.31 112 243.29v80.23l-90.12 30.04A31.974 31.974 0 0 0 0 383.91v96c0 10.82 8.52 32 32 32 2.69 0 5.41-.34 8.06-1.03l179.19-46.62C269.16 449.99 304 403.8 304 351.91v-128c0-17.6-14.4-32-32-32zm346.12 161.73L528 323.6v-80.23c0-18.98-5.56-37.39-16.12-53.23L394.62 14.25c-.18-.27-.59-.24-.79-.48-9.58-13.51-27.85-17.88-42.3-9.21-15.16 9.09-20.06 28.75-10.97 43.91l77.75 129.59c8.97 14.92 13.69 32 13.69 49.39V304c0 8.84-7.16 16-16 16s-16-7.16-16-16v-80c0-17.6-14.4-32-32-32s-32 14.4-32 32v128c0 51.89 34.84 98.08 84.75 112.34l179.19 46.62c2.66.69 5.38 1.03 8.06 1.03 23.48 0 32-21.18 32-32v-96c0-13.77-8.81-25.99-21.88-30.35z\"><\/path><\/svg>\t                        <\/div>\t                        <div class=\"cs-info-box-content\">\n\t                            <h5 class=\"cs-title cs-info-box-title\">A warm welcome\t\t\t\t\t\t\t\t<\/h5>\t                        <\/div>\t                    <\/div>\n                    <\/div>                    <div class=\"cs-info-box-item elementor-repeater-item-55da29c\">\n                    \t<div class=\"cs-item-container\">\t                        <div class=\"cs-info-box-img\"><svg aria-hidden=\"true\" class=\"e-font-icon-svg e-fas-info-circle\" viewbox=\"0 0 512 512\" xmlns=\"http:\/\/www.w3.org\/2000\/svg\"><path d=\"M256 8C119.043 8 8 119.083 8 256c0 136.997 111.043 248 248 248s248-111.003 248-248C504 119.083 392.957 8 256 8zm0 110c23.196 0 42 18.804 42 42s-18.804 42-42 42-42-18.804-42-42 18.804-42 42-42zm56 254c0 6.627-5.373 12-12 12h-88c-6.627 0-12-5.373-12-12v-24c0-6.627 5.373-12 12-12h12v-64h-12c-6.627 0-12-5.373-12-12v-24c0-6.627 5.373-12 12-12h64c6.627 0 12 5.373 12 12v100h12c6.627 0 12 5.373 12 12v24z\"><\/path><\/svg>\t                        <\/div>\t                        <div class=\"cs-info-box-content\">\n\t                            <h5 class=\"cs-title cs-info-box-title\">All service information available\t\t\t\t\t\t\t\t<\/h5>\t                        <\/div>\t                    <\/div>\n                    <\/div>                    <div class=\"cs-info-box-item elementor-repeater-item-0bf7877\">\n                    \t<div class=\"cs-item-container\">\t                        <div class=\"cs-info-box-img\"><svg aria-hidden=\"true\" class=\"e-font-icon-svg e-fas-book\" viewbox=\"0 0 448 512\" xmlns=\"http:\/\/www.w3.org\/2000\/svg\"><path d=\"M448 360V24c0-13.3-10.7-24-24-24H96C43 0 0 43 0 96v320c0 53 43 96 96 96h328c13.3 0 24-10.7 24-24v-16c0-7.5-3.5-14.3-8.9-18.7-4.2-15.4-4.2-59.3 0-74.7 5.4-4.3 8.9-11.1 8.9-18.6zM128 134c0-3.3 2.7-6 6-6h212c3.3 0 6 2.7 6 6v20c0 3.3-2.7 6-6 6H134c-3.3 0-6-2.7-6-6v-20zm0 64c0-3.3 2.7-6 6-6h212c3.3 0 6 2.7 6 6v20c0 3.3-2.7 6-6 6H134c-3.3 0-6-2.7-6-6v-20zm253.4 250H96c-17.7 0-32-14.3-32-32 0-17.6 14.4-32 32-32h285.4c-1.9 17.1-1.9 46.9 0 64z\"><\/path><\/svg>\t                        <\/div>\t                        <div class=\"cs-info-box-content\">\n\t                            <h5 class=\"cs-title cs-info-box-title\">Menu in accordance with the Christian tradition\t\t\t\t\t\t\t\t<\/h5>\t                        <\/div>\t                    <\/div>\n                    <\/div>\t\t\t\t<\/div>\n\t\t\t<\/div>\t\t\t\t<\/div>\n\t\t\t\t<\/div>\n\t\t\t\t\t<\/div>\n\t\t<\/div>\n\t\t\t\t\t<\/div>\n\t\t<\/section>\n\t\t<div class=\"elementor-element elementor-element-034b509 e-con-full e-flex e-con e-parent\" data-id=\"034b509\" data-element_type=\"container\" data-e-type=\"container\">\n\t\t<div class=\"elementor-element elementor-element-ef4defd e-con-full e-flex e-con e-child\" data-id=\"ef4defd\" data-element_type=\"container\" data-e-type=\"container\">\n\t\t\t\t<\/div>\n\t\t<div class=\"elementor-element elementor-element-c053742 e-con-full e-flex e-con e-child\" data-id=\"c053742\" data-element_type=\"container\" data-e-type=\"container\">\n\t\t\t\t<div class=\"elementor-element elementor-element-dfeb6a0 elementor-widget elementor-widget-text-editor\" data-id=\"dfeb6a0\" data-element_type=\"widget\" data-e-type=\"widget\" data-widget_type=\"text-editor.default\">\n\t\t\t\t<div class=\"elementor-widget-container\">\n\t\t\t\t\t\t\t\t\t<p style=\"text-align: center;\"><span style=\"color: #808080; font-size: 18pt;\">Na\u0161i doma\u0107ini su Marte.\u00a0Svaki objekt ima svoju Martu koja goste do\u010dekuje pismom dobrodo\u0161lice ili ra\u0161irenih ruku i sa iskrenim osmjehom koji zra\u010di toplu kr\u0161\u0107ansku dobrodo\u0161licu.<\/span><\/p>\t\t\t\t\t\t\t\t<\/div>\n\t\t\t\t<\/div>\n\t\t\t\t<\/div>\n\t\t<div class=\"elementor-element elementor-element-3396525 e-con-full e-flex e-con e-child\" data-id=\"3396525\" data-element_type=\"container\" data-e-type=\"container\">\n\t\t\t\t<\/div>\n\t\t\t\t<\/div>\n\t\t<div class=\"elementor-element elementor-element-e2931b9 e-flex e-con-boxed e-con e-parent\" data-id=\"e2931b9\" data-element_type=\"container\" data-e-type=\"container\">\n\t\t\t\t\t<div class=\"e-con-inner\">\n\t\t\t\t<div class=\"elementor-element elementor-element-19f2d72 elementor-widget elementor-widget-image\" data-id=\"19f2d72\" data-element_type=\"widget\" data-e-type=\"widget\" data-widget_type=\"image.default\">\n\t\t\t\t<div class=\"elementor-widget-container\">\n\t\t\t\t\t\t\t\t\t\t\t\t\t\t\t<img decoding=\"async\" width=\"150\" height=\"150\" src=\"https:\/\/staywithmartha.com\/wp-content\/uploads\/2025\/09\/favicon-150x150.jpg\" class=\"attachment-thumbnail size-thumbnail wp-image-9604\" alt=\"\" srcset=\"https:\/\/staywithmartha.com\/wp-content\/uploads\/2025\/09\/favicon-150x150.jpg 150w, https:\/\/staywithmartha.com\/wp-content\/uploads\/2025\/09\/favicon-300x300.jpg 300w, https:\/\/staywithmartha.com\/wp-content\/uploads\/2025\/09\/favicon-768x768.jpg 768w, https:\/\/staywithmartha.com\/wp-content\/uploads\/2025\/09\/favicon-780x780.jpg 780w, https:\/\/staywithmartha.com\/wp-content\/uploads\/2025\/09\/favicon-600x600.jpg 600w, https:\/\/staywithmartha.com\/wp-content\/uploads\/2025\/09\/favicon-550x550.jpg 550w, https:\/\/staywithmartha.com\/wp-content\/uploads\/2025\/09\/favicon-370x370.jpg 370w, https:\/\/staywithmartha.com\/wp-content\/uploads\/2025\/09\/favicon-255x255.jpg 255w, https:\/\/staywithmartha.com\/wp-content\/uploads\/2025\/09\/favicon.jpg 960w\" sizes=\"(max-width: 150px) 100vw, 150px\" \/>\t\t\t\t\t\t\t\t\t\t\t\t\t\t\t<\/div>\n\t\t\t\t<\/div>\n\t\t\t\t\t<\/div>\n\t\t\t\t<\/div>\n\t\t<div class=\"elementor-element elementor-element-f0046a7 e-con-full e-flex e-con e-parent\" data-id=\"f0046a7\" data-element_type=\"container\" data-e-type=\"container\">\n\t\t<div class=\"elementor-element elementor-element-0ed14ab e-con-full e-flex e-con e-child\" data-id=\"0ed14ab\" data-element_type=\"container\" data-e-type=\"container\">\n\t\t\t\t<\/div>\n\t\t<div class=\"elementor-element elementor-element-084d1e3 e-con-full e-flex e-con e-child\" data-id=\"084d1e3\" data-element_type=\"container\" data-e-type=\"container\">\n\t\t\t\t<div class=\"elementor-element elementor-element-dc600c1 elementor-widget elementor-widget-text-editor\" data-id=\"dc600c1\" data-element_type=\"widget\" data-e-type=\"widget\" data-widget_type=\"text-editor.default\">\n\t\t\t\t<div class=\"elementor-widget-container\">\n\t\t\t\t\t\t\t\t\t<p style=\"text-align: center;\"><span style=\"color: #808080; font-size: 18pt;\"><br><\/span><\/p><p style=\"text-align: center;\"><span style=\"color: #808080; font-size: 18pt;\">Neka i Va\u0161 objekt bude mjesto duhovne okrepe,&nbsp;mjesto navije\u0161tanja radosne vijesti, okupljanja kr\u0161\u0107anskog i obiteljskog duha a svoje goste do\u010dekujte autenti\u010dno u vjeri i s vjerom.<\/span><\/p><p style=\"text-align: center;\"><span style=\"color: #808080; font-size: 18pt;\"><br><\/span><\/p>\t\t\t\t\t\t\t\t<\/div>\n\t\t\t\t<\/div>\n\t\t\t\t<\/div>\n\t\t<div class=\"elementor-element elementor-element-f9e71a3 e-con-full e-flex e-con e-child\" data-id=\"f9e71a3\" data-element_type=\"container\" data-e-type=\"container\">\n\t\t\t\t<\/div>\n\t\t\t\t<\/div>\n\t\t\t\t<\/div>","protected":false},"excerpt":{"rendered":"<p>Vjera. Zajedni\u0161tvo. Gostoljubivost. Certifikat kr\u0161\u0107anske dobrodo\u0161lice Na\u0161a je misija gostima, putnicima, hodo\u010dasnicima,&nbsp;osigurati duhovne oaze u kojima prebiva kr\u0161\u0107anski duh i u kojima se potpuno prirodno name\u0107e bivanje u Gospodinu kao jedinom i pravom&nbsp;odmoru ljudske du\u0161e. \u00a0 \u2026Snago moja i za\u0161titoU tebi duh moj se odmaraSamo ti \u010de\u017enja srca si mogaTebe slavim ja\u2026 \u00a0 Na\u0161e je &#8230;<\/p>","protected":false},"author":11,"featured_media":0,"parent":0,"menu_order":0,"comment_status":"closed","ping_status":"closed","template":"template-wide-content.php","meta":{"_acf_changed":false,"cozystay_single_page_hide_site_header":"","cozystay_single_page_site_header_source":"","cozystay_single_page_custom_site_header":"","cozystay_single_page_custom_sticky_site_header":"","cozystay_single_page_hide_page_title":"on","cozystay_single_page_header_section_size":"","cozystay_single_page_header_background_color":"","cozystay_single_page_header_background_position_x":"center","cozystay_single_page_header_background_position_y":"center","cozystay_single_page_header_background_size":"cover","cozystay_single_page_header_background_repeat":"off","cozystay_single_page_header_background_scroll":"on","cozystay_single_page_header_text_color":"","cozystay_single_page_header_show_breadcrumb":"","cozystay_single_page_site_footer_hide_main":"","cozystay_single_custom_site_footer_main_source":"","cozystay_single_custom_site_footer_main":"","cozystay_single_page_site_footer_hide_above":"","cozystay_single_custom_site_footer_above_source":"","cozystay_single_custom_site_footer_above":"","cozystay_single_page_site_footer_hide_instagram":"","cozystay_single_page_site_footer_hide_bottom":"","cozystay_single_custom_mobile_menu_source":"","cozystay_single_custom_mobile_menu":"","cozystay_single_custom_mobile_menu_animation":"","cozystay_single_custom_mobile_menu_width":"","cozystay_single_custom_mobile_menu_custom_width":375,"footnotes":"","_links_to":"","_links_to_target":""},"class_list":["post-8299","page","type-page","status-publish","hentry"],"acf":[],"_links":{"self":[{"href":"https:\/\/staywithmartha.com\/en\/wp-json\/wp\/v2\/pages\/8299","targetHints":{"allow":["GET"]}}],"collection":[{"href":"https:\/\/staywithmartha.com\/en\/wp-json\/wp\/v2\/pages"}],"about":[{"href":"https:\/\/staywithmartha.com\/en\/wp-json\/wp\/v2\/types\/page"}],"author":[{"embeddable":true,"href":"https:\/\/staywithmartha.com\/en\/wp-json\/wp\/v2\/users\/11"}],"replies":[{"embeddable":true,"href":"https:\/\/staywithmartha.com\/en\/wp-json\/wp\/v2\/comments?post=8299"}],"version-history":[{"count":98,"href":"https:\/\/staywithmartha.com\/en\/wp-json\/wp\/v2\/pages\/8299\/revisions"}],"predecessor-version":[{"id":10632,"href":"https:\/\/staywithmartha.com\/en\/wp-json\/wp\/v2\/pages\/8299\/revisions\/10632"}],"wp:attachment":[{"href":"https:\/\/staywithmartha.com\/en\/wp-json\/wp\/v2\/media?parent=8299"}],"curies":[{"name":"wp","href":"https:\/\/api.w.org\/{rel}","templated":true}]}}